{"id":28,"date":"2016-05-19T09:54:57","date_gmt":"2016-05-19T07:54:57","guid":{"rendered":"http:\/\/www.racos.ch\/lawyer\/"},"modified":"2023-12-06T15:29:13","modified_gmt":"2023-12-06T14:29:13","slug":"lawyer","status":"publish","type":"page","link":"https:\/\/racosch.com\/fr\/","title":{"rendered":"Accueil"},"content":{"rendered":"<p>[vc_row top_padding=&#8221;72px&#8221; el_id=&#8221;about&#8221;][vc_column width=&#8221;1\/1&#8243;]<div class=\"prk_shortcode-title prk_break_word pulse_center_align wpb_animate_when_almost_visible wpb_appear h1_sized\"><div class=\"simple_line colored above thicker columns small-centered forced_mobile\" style=\"border-bottom-color:#f1c40f;width:70px;\"><\/div><div class=\"header_font zero_color prk_vc_title\" style=\"margin-bottom:6px;\"><h1 style=\"font-weight:400;\">BIENVENUE<\/h1><\/div><div class=\"clearfix\"><\/div><\/div><div class=\"prk_shortcode-title prk_break_word pulse_center_align wpb_animate_when_almost_visible wpb_appear h4_sized\"><div class=\"pulse_italic custom_font zero_color prk_vc_title\" style=\"margin-bottom:48px;\"><h4 style=\"font-weight:400;\">Vos probl\u00e8mes sont uniques. Nos conseils aussi.<\/h4><\/div><div class=\"clearfix\"><\/div><\/div>[vc_row_inner][vc_column_inner width=&#8221;1\/2&#8243;][vc_column_text css_animation=&#8221;pulse_fade_waypoint&#8221; drop_cap=&#8221;yes&#8221; append_arrow=&#8221;yes&#8221;]Vous rendre service. Quel que soit votre projet, quel que soit votre probl\u00e8me, Racosch base son travail sur le fait qu\u2019il faut simplifier la vie de ses partenaires. Partant de cette simple philosophie, toutes nos activit\u00e9s tendent vers un seul but : simplifier vos interactions et communiquer le bon message au grand public, \u00e0 la presse, aux autorit\u00e9s ou m\u00eame \u00e0 vos propres collaborateurs.<\/p>\n<p>Racosch travaille avec des organisations internationales, des entreprises priv\u00e9es, mais \u00e9galement des organisations \u00e0 but non lucratif ou des individus.[\/vc_column_text][\/vc_column_inner][vc_column_inner width=&#8221;1\/2&#8243;][vc_column_text css_animation=&#8221;pulse_fade_waypoint&#8221;]Bas\u00e9s \u00e0 Lausanne, en Suisse, nous revendiquons enti\u00e8rement les valeurs de travail qui ont fait le succ\u00e8s des industries de ce pays : un travail de qualit\u00e9 qui trouve sa valeur dans l\u2019attention port\u00e9e aux d\u00e9tails, et une approche pragmatique qui prend en compte les besoins sp\u00e9cifiques de chacun.<\/p>\n<p>Startups, multinationales, f\u00e9d\u00e9rations sportives ou soci\u00e9t\u00e9 civile&nbsp;: chacun de nos clients a ses propres challenges. Mais toutes et tous viennent nous voir pour la m\u00eame raison&nbsp;: faire les choses bien.[\/vc_column_text][\/vc_column_inner][\/vc_row_inner]<div class=\"pulse_spacer clearfix\" style=\"height:30px;\"><\/div>[vc_text_separator title=&#8221;Aucun projet n&#8217;est trop grand, aucun partenaire n&#8217;est trop petit&#8221; color=&#8221;custom&#8221; font_type=&#8221;custom_font&#8221; css_animation=&#8221;pulse_fade_waypoint&#8221; accent_color=&#8221;#cecece&#8221;]<div class=\"pulse_spacer clearfix\" style=\"height:76px;\"><\/div>[\/vc_column][\/vc_row]<\/p>\n\n\n\n<p>[vc_row el_id=&#8221;my_services&#8221;][vc_column width=&#8221;1\/1&#8243;]<div class=\"prk_shortcode-title prk_break_word pulse_center_align wpb_animate_when_almost_visible wpb_appear h1_sized\"><div class=\"simple_line colored above thicker columns small-centered forced_mobile\" style=\"border-bottom-color:#f1c40f;width:70px;\"><\/div><div class=\"header_font zero_color prk_vc_title\" style=\"margin-bottom:6px;\"><h1 style=\"font-weight:400;\">SERVICES<\/h1><\/div><div class=\"clearfix\"><\/div><\/div><div class=\"prk_shortcode-title prk_break_word pulse_center_align wpb_animate_when_almost_visible wpb_appear h4_sized\"><div class=\"pulse_italic custom_font zero_color prk_vc_title\" style=\"margin-bottom:48px;\"><h4 style=\"font-weight:400;\">Ce que nous faisons, et que nous faisons bien<\/h4><\/div><div class=\"clearfix\"><\/div><\/div>[vc_row_inner][vc_column_inner width=&#8221;1\/3&#8243;]<div class=\"prk_service prk_service_center wpb_animate_when_almost_visible wpb_bottom-to-top\" data-color=\"#dd9933\" data-default=\"#ffe83e\"><i class=\"mdi-omega colored_link_icon small_headings_color\" style=\"color:#ffe83e\"><\/i><div class=\"clearfix\"><\/div><div class=\"prk_service_ctt\"><h4 class=\"big zero_color header_font prk_heavier_600\">Municipalit\u00e9s<\/h4><div class=\"clearfix\"><\/div><div class=\"pulse_service_desc wpb_text_column prk_9_em\">Un ensemble de services \u00e0 destination des petites et moyennes communes, nous couvrons vos besoins de secr\u00e9tariat communal courants.<\/div><\/div><\/div>[\/vc_column_inner][vc_column_inner width=&#8221;1\/3&#8243;]<div class=\"prk_service prk_service_center wpb_animate_when_almost_visible wpb_bottom-to-top\" data-color=\"default\" data-default=\"#ffe83e\"><i class=\"mdi-tooltip-text colored_link_icon small_headings_color\" style=\"color:#ffe83e\"><\/i><div class=\"clearfix\"><\/div><div class=\"prk_service_ctt\"><h4 class=\"big zero_color header_font prk_heavier_600\">Conf\u00e9rences et formations<\/h4><div class=\"clearfix\"><\/div><div class=\"pulse_service_desc wpb_text_column prk_9_em\">S\u2019exprimer clairement dans un media, quel qu\u2019il soit, demande un minimum de pr\u00e9paration. Pensez \u00e0 votre message, mais pensez aussi \u00e0 votre audience.<\/div><\/div><\/div>[\/vc_column_inner][vc_column_inner width=&#8221;1\/3&#8243;]<div class=\"prk_service prk_service_center wpb_animate_when_almost_visible wpb_bottom-to-top\" data-color=\"default\" data-default=\"#ffe83e\"><i class=\"mdi-spotlight colored_link_icon small_headings_color\" style=\"color:#ffe83e\"><\/i><div class=\"clearfix\"><\/div><div class=\"prk_service_ctt\"><h4 class=\"big zero_color header_font prk_heavier_600\">Veille<\/h4><div class=\"clearfix\"><\/div><div class=\"pulse_service_desc wpb_text_column prk_9_em\">Surveillance et recherche permanente des contenus qui vous int\u00e9ressent, nous assurons le tri qui fait toute la diff\u00e9rence entre une collection d\u2019anecdotes et des informations actionnables.<\/div><\/div><\/div>[\/vc_column_inner][\/vc_row_inner]<div class=\"pulse_spacer clearfix\" style=\"height:45px;\"><\/div>[vc_row_inner][vc_column_inner width=&#8221;1\/3&#8243;]<div class=\"prk_service prk_service_center wpb_animate_when_almost_visible wpb_bottom-to-top\" data-color=\"default\" data-default=\"#ffe83e\"><i class=\"mdi-forum colored_link_icon small_headings_color\" style=\"color:#ffe83e\"><\/i><div class=\"clearfix\"><\/div><div class=\"prk_service_ctt\"><h4 class=\"big zero_color header_font prk_heavier_600\">Relations publiques<\/h4><div class=\"clearfix\"><\/div><div class=\"pulse_service_desc wpb_text_column prk_9_em\">Communication de crise, communication d\u2019entreprise, nous pr\u00e9parons des messages clairs qui vous permettent d\u2019atteindre vos objectifs.<\/div><\/div><\/div>[\/vc_column_inner][vc_column_inner width=&#8221;1\/3&#8243;]<div class=\"prk_service prk_service_center wpb_animate_when_almost_visible wpb_bottom-to-top\" data-color=\"default\" data-default=\"#ffe83e\"><i class=\"mdi-google-circles colored_link_icon small_headings_color\" style=\"color:#ffe83e\"><\/i><div class=\"clearfix\"><\/div><div class=\"prk_service_ctt\"><h4 class=\"big zero_color header_font prk_heavier_600\">Strat\u00e9gie<\/h4><div class=\"clearfix\"><\/div><div class=\"pulse_service_desc wpb_text_column prk_9_em\">Quelles \u00e9tapes pour obtenir le r\u00e9sultat escompt\u00e9 ? Quelles d\u00e9marches accomplir aupr\u00e8s de quelles autorit\u00e9s ? Nous dressons le plan de bataille qui vous emm\u00e8nera exactement l\u00e0 o\u00f9 vous souhaitez aller.<\/div><\/div><\/div>[\/vc_column_inner][vc_column_inner width=&#8221;1\/3&#8243;]<div class=\"prk_service prk_service_center wpb_animate_when_almost_visible wpb_bottom-to-top\" data-color=\"default\" data-default=\"#ffe83e\"><i class=\"mdi-keyboard-close colored_link_icon small_headings_color\" style=\"color:#ffe83e\"><\/i><div class=\"clearfix\"><\/div><div class=\"prk_service_ctt\"><h4 class=\"big zero_color header_font prk_heavier_600\">Revue scientifique<\/h4><div class=\"clearfix\"><\/div><div class=\"pulse_service_desc wpb_text_column prk_9_em\">Cette publication peut-elle avoir un impact sur votre business, et comment? Nous vous aidons \u00e0 comprendre ce qui se cache derri\u00e8re les effets d'annonce.<\/div><\/div><\/div>[\/vc_column_inner][\/vc_row_inner]<div class=\"pulse_spacer clearfix\" style=\"height:45px;\"><\/div>[vc_text_separator title=&#8221;Chaque histoire a besoin d\u2019un messager&#8221; color=&#8221;custom&#8221; font_type=&#8221;custom_font&#8221; css_animation=&#8221;pulse_fade_waypoint&#8221; accent_color=&#8221;#cecece&#8221;]<div class=\"pulse_spacer clearfix\" style=\"height:72px;\"><\/div>[\/vc_column][\/vc_row][vc_row][vc_column width=&#8221;1\/1&#8243;][vc_row_inner][vc_column_inner]<div class=\"prk_shortcode-title prk_break_word pulse_center_align wpb_animate_when_almost_visible wpb_appear h1_sized\"><div class=\"simple_line colored above thicker columns small-centered forced_mobile\" style=\"border-bottom-color:#f1c40f;width:70px;\"><\/div><div class=\"header_font zero_color prk_vc_title\" style=\"margin-bottom:6px;\"><h1 style=\"font-weight:400;\">CLIENTS<\/h1><\/div><div class=\"clearfix\"><\/div><\/div>[\/vc_column_inner][\/vc_row_inner]<div class=\"prk_shortcode-title prk_break_word pulse_center_align wpb_animate_when_almost_visible wpb_appear h4_sized\"><div class=\"pulse_italic custom_font zero_color prk_vc_title\" style=\"margin-bottom:48px;\"><h4 style=\"font-weight:400;\">Technologie, Bancaire, F\u00e9d\u00e9rations internationales : nous avons \u00e9t\u00e9 l\u00e0 pour eux<\/h4><\/div><div class=\"clearfix\"><\/div><\/div>[vc_row_inner][vc_column_inner width=&#8221;1\/3&#8243;][vc_single_image image=&#8221;358&#8243; img_size=&#8221;200&#215;57&#8243; alignment=&#8221;center&#8221;][\/vc_column_inner][vc_column_inner width=&#8221;1\/3&#8243;][vc_single_image image=&#8221;76&#8243; img_size=&#8221;200&#215;57&#8243; alignment=&#8221;center&#8221;][\/vc_column_inner][vc_column_inner width=&#8221;1\/3&#8243;][vc_single_image image=&#8221;74&#8243; img_size=&#8221;200&#215;57&#8243; alignment=&#8221;center&#8221;][\/vc_column_inner][\/vc_row_inner]<div class=\"pulse_spacer clearfix\" style=\"height:72px;\"><\/div>[\/vc_column][\/vc_row][vc_row el_id=&#8221;my_projets&#8221;][vc_column width=&#8221;1\/1&#8243;]<div class=\"prk_shortcode-title prk_break_word pulse_center_align wpb_animate_when_almost_visible wpb_appear h1_sized\"><div class=\"simple_line colored above thicker columns small-centered forced_mobile\" style=\"border-bottom-color:#f1c40f;width:70px;\"><\/div><div class=\"header_font zero_color prk_vc_title\" style=\"margin-bottom:6px;\"><h1 style=\"font-weight:400;\">BLOG<\/h1><\/div><div class=\"clearfix\"><\/div><\/div><div class=\"prk_shortcode-title prk_break_word pulse_center_align wpb_animate_when_almost_visible wpb_appear h4_sized\"><div class=\"pulse_italic custom_font zero_color prk_vc_title\" style=\"margin-bottom:48px;\"><h4 style=\"font-weight:400;\">Quoi de neuf ?<\/h4><\/div><div class=\"clearfix\"><\/div><\/div><div id=\"prk_shortcode_latest_posts_391\" class=\"recentposts_ul_wp row\"><div id=\"recent_blog-177\" class=\"recentposts_ul_shortcode\" data-columns=3 data-rows=1><div class=\"columns small-4\"><div class=\"blog_entry_li\" data-color=\"default\"><div class=\"masonry_inner\"><a href=\"https:\/\/racosch.com\/fr\/le-secretaire-municipal-outil-essentiel-de-votre-action\/\" class=\"pulse_anchor blog_hover\" data-color=\"default\"><div class=\"masonr_img_wp\"><div class=\"blog_fader_grid centerized_father_blog\"><div class=\"pulse_fa-link titled_link_icon body_bk_color\"><\/div><\/div><img loading=\"lazy\" decoding=\"async\" src=\"https:\/\/racosch.com\/wp-content\/uploads\/2023\/12\/la-cote-166060-700x436.jpg\" width=\"700\" height=\"436\" id=\"home_fader-496\" class=\"custom-img grid_image\" alt=\"\" \/><\/div><\/a><div class=\"header_font prk_mini_meta small\"><div class=\"entry_title prk_left_floated\"><h4 class=\"prk_heavier_600 big\"><a href=\"https:\/\/racosch.com\/fr\/le-secretaire-municipal-outil-essentiel-de-votre-action\/\" class=\"pulse_anchor zero_color prk_break_word\" data-color=\"default\">Le secr\u00e9taire municipal, outil essentiel de votre action<\/a><\/h4><\/div><div class=\"clearfix\"><\/div><div class=\"pulse_blog_uppercased prk_heavier_600 pulse_blog_meta prk_75_em small_headings_color body_font\"><\/div><\/div><div class=\"clearfix\"><\/div><div class=\"on_colored entry_content prk_break_word\"><div class=\"wpb_text_column\"><p> En Suisse, le r\u00f4le d&#8217;un secr\u00e9taire communal est essentiel au bon fonctionnement d&#8217;une commune car c&#8217;est non seulement celui qui veille &#8230;<\/p>\n<div class=\"pulse_anchor prk_left_floated\"><a href=\"https:\/\/racosch.com\/fr\/le-secretaire-municipal-outil-essentiel-de-votre-action\/\" class=\"prk_heavier_700 zero_color\" data-color=\"default\"> &rarr;<\/a><\/div><div class=\"clearfix\"><\/div><\/div><\/div><div class=\"blog_lower prk_bordered_top prk_heavier_600 header_font prk_75_em small_headings_color pulse_blog_uppercased\"><div class=\"small-12\"><div class=\"prk_left_floated pulse_anchor\"><div class=\"prk_left_floated blog_categories\"><a href=\"https:\/\/racosch.com\/fr\/category\/communes\/\" title=\"View all posts\">Communes<\/a><\/div><\/div><div class=\"prk_right_floated pulse_anchor\"><a href=\"https:\/\/racosch.com\/fr\/le-secretaire-municipal-outil-essentiel-de-votre-action\/\" data-color=\"default\">2 <\/a><\/div><\/div><div class=\"clearfix\"><\/div><\/div><\/div><\/div><\/div><div class=\"columns small-4\"><div class=\"blog_entry_li\" data-color=\"default\"><div class=\"masonry_inner\"><a href=\"https:\/\/racosch.com\/fr\/comprendre-la-science\/\" class=\"pulse_anchor blog_hover\" data-color=\"default\"><div class=\"masonr_img_wp\"><div class=\"blog_fader_grid centerized_father_blog\"><div class=\"pulse_fa-link titled_link_icon body_bk_color\"><\/div><\/div><img loading=\"lazy\" decoding=\"async\" src=\"https:\/\/racosch.com\/wp-content\/uploads\/2021\/07\/Publications-1-700x436.jpeg\" width=\"700\" height=\"436\" id=\"home_fader-486\" class=\"custom-img grid_image\" alt=\"\" \/><\/div><\/a><div class=\"header_font prk_mini_meta small\"><div class=\"entry_title prk_left_floated\"><h4 class=\"prk_heavier_600 big\"><a href=\"https:\/\/racosch.com\/fr\/comprendre-la-science\/\" class=\"pulse_anchor zero_color prk_break_word\" data-color=\"default\">Comprendre la Science<\/a><\/h4><\/div><div class=\"clearfix\"><\/div><div class=\"pulse_blog_uppercased prk_heavier_600 pulse_blog_meta prk_75_em small_headings_color body_font\"><\/div><\/div><div class=\"clearfix\"><\/div><div class=\"on_colored entry_content prk_break_word\"><div class=\"wpb_text_column\"><p>Nous vous r\u00e9sumons simplement des articles compliqu\u00e9s.<\/p><div class=\"pulse_anchor prk_left_floated\"><a href=\"https:\/\/racosch.com\/fr\/comprendre-la-science\/\" class=\"prk_heavier_700 zero_color\" data-color=\"default\"> &rarr;<\/a><\/div><div class=\"clearfix\"><\/div><\/div><\/div><div class=\"blog_lower prk_bordered_top prk_heavier_600 header_font prk_75_em small_headings_color pulse_blog_uppercased\"><div class=\"small-12\"><div class=\"prk_left_floated pulse_anchor\"><div class=\"prk_left_floated blog_categories\"><a href=\"https:\/\/racosch.com\/fr\/category\/veille\/\" title=\"View all posts\">Veille<\/a><\/div><\/div><div class=\"prk_right_floated pulse_anchor\"><a href=\"https:\/\/racosch.com\/fr\/comprendre-la-science\/\" data-color=\"default\">1 <\/a><\/div><\/div><div class=\"clearfix\"><\/div><\/div><\/div><\/div><\/div><div class=\"columns small-4\"><div class=\"blog_entry_li\" data-color=\"default\"><div class=\"masonry_inner\"><a href=\"https:\/\/racosch.com\/fr\/comment-se-simplifier-le-rapport-annuel-et-que-mettre-dedans\/\" class=\"pulse_anchor blog_hover\" data-color=\"default\"><div class=\"masonr_img_wp\"><div class=\"blog_fader_grid centerized_father_blog\"><div class=\"pulse_fa-link titled_link_icon body_bk_color\"><\/div><\/div><img loading=\"lazy\" decoding=\"async\" src=\"https:\/\/racosch.com\/wp-content\/uploads\/2019\/12\/annual-report-700x436.jpg\" width=\"700\" height=\"436\" id=\"home_fader-472\" class=\"custom-img grid_image\" alt=\"\" \/><\/div><\/a><div class=\"header_font prk_mini_meta small\"><div class=\"entry_title prk_left_floated\"><h4 class=\"prk_heavier_600 big\"><a href=\"https:\/\/racosch.com\/fr\/comment-se-simplifier-le-rapport-annuel-et-que-mettre-dedans\/\" class=\"pulse_anchor zero_color prk_break_word\" data-color=\"default\">Comment se simplifier le rapport annuel (et que mettre dedans)<\/a><\/h4><\/div><div class=\"clearfix\"><\/div><div class=\"pulse_blog_uppercased prk_heavier_600 pulse_blog_meta prk_75_em small_headings_color body_font\"><\/div><\/div><div class=\"clearfix\"><\/div><div class=\"on_colored entry_content prk_break_word\"><div class=\"wpb_text_column\"><p> Dans le domaine des communication, il y a peu de choses mois excitantes que devoir pr\u00e9parer un rapport annuel d&#8217;activit\u00e9 o\u00f9 &#8230;<\/p>\n<div class=\"pulse_anchor prk_left_floated\"><a href=\"https:\/\/racosch.com\/fr\/comment-se-simplifier-le-rapport-annuel-et-que-mettre-dedans\/\" class=\"prk_heavier_700 zero_color\" data-color=\"default\"> &rarr;<\/a><\/div><div class=\"clearfix\"><\/div><\/div><\/div><div class=\"blog_lower prk_bordered_top prk_heavier_600 header_font prk_75_em small_headings_color pulse_blog_uppercased\"><div class=\"small-12\"><div class=\"prk_left_floated pulse_anchor\"><div class=\"prk_left_floated blog_categories\"><a href=\"https:\/\/racosch.com\/fr\/category\/relations-publiques\/\" title=\"View all posts\">Relations publiques<\/a><\/div><\/div><div class=\"prk_right_floated pulse_anchor\"><a href=\"https:\/\/racosch.com\/fr\/comment-se-simplifier-le-rapport-annuel-et-que-mettre-dedans\/\" data-color=\"default\">5 <\/a><\/div><\/div><div class=\"clearfix\"><\/div><\/div><\/div><\/div><\/div><\/div><\/div><div class=\"pulse_spacer clearfix\" style=\"height:30px;\"><\/div>[\/vc_column][\/vc_row][vc_row top_padding=&#8221;72px&#8221; bottom_padding=&#8221;52px&#8221; el_id=&#8221;contact&#8221;][vc_column width=&#8221;1\/1&#8243;]<div class=\"prk_shortcode-title prk_break_word pulse_center_align wpb_animate_when_almost_visible wpb_appear h1_sized\"><div class=\"simple_line colored above thicker columns small-centered forced_mobile\" style=\"border-bottom-color:#f1c40f;width:70px;\"><\/div><div class=\"header_font zero_color prk_vc_title\" style=\"margin-bottom:6px;\"><h1 style=\"font-weight:100;\">CONTACT<\/h1><\/div><div class=\"clearfix\"><\/div><\/div><div class=\"prk_shortcode-title prk_break_word pulse_center_align wpb_animate_when_almost_visible wpb_appear h4_sized\"><div class=\"pulse_italic custom_font zero_color prk_vc_title\" style=\"margin-bottom:26px;\"><h4 style=\"font-weight:400;\">Le plus simple est d\u2019en parler<\/h4><\/div><div class=\"clearfix\"><\/div><\/div>[\/vc_column][\/vc_row][vc_row el_id=&#8221;form-row&#8221;][vc_column width=&#8221;1\/1&#8243;]<div class=\"pulse_spacer clearfix\" style=\"height:36px;\"><\/div>[vc_row_inner css_animation=&#8221;pulse_fade_waypoint&#8221;][vc_column_inner width=&#8221;2\/3&#8243;]<div role=\"form\" class=\"wpcf7\" id=\"wpcf7-f150-o1\" lang=\"fr-FR\" dir=\"ltr\">\n<div class=\"screen-reader-response\"><\/div>\n<form action=\"\/fr\/wp-json\/wp\/v2\/pages\/28#wpcf7-f150-o1\" method=\"post\" class=\"wpcf7-form\" novalidate=\"novalidate\">\n<div style=\"display: none;\">\n<input type=\"hidden\" name=\"_wpcf7\" value=\"150\" \/>\n<input type=\"hidden\" name=\"_wpcf7_version\" value=\"5.1.6\" \/>\n<input type=\"hidden\" name=\"_wpcf7_locale\" value=\"fr_FR\" \/>\n<input type=\"hidden\" name=\"_wpcf7_unit_tag\" value=\"wpcf7-f150-o1\" \/>\n<input type=\"hidden\" name=\"_wpcf7_container_post\" value=\"0\" \/>\n<input type=\"hidden\" name=\"g-recaptcha-response\" value=\"\" \/>\n<\/div>\n\n<div>\n<p><span class=\"wpcf7-form-control-wrap your-name\"><input type=\"text\" name=\"your-name\" value=\"\" size=\"40\" class=\"wpcf7-form-control wpcf7-text wpcf7-validates-as-required\" aria-required=\"true\" aria-invalid=\"false\" placeholder=\"Nom (obligatoire)\" \/><\/span><\/p>\n<p><span class=\"wpcf7-form-control-wrap your-email\"><input type=\"email\" name=\"your-email\" value=\"\" size=\"40\" class=\"wpcf7-form-control wpcf7-text wpcf7-email wpcf7-validates-as-required wpcf7-validates-as-email\" aria-required=\"true\" aria-invalid=\"false\" placeholder=\"Email (obligatoire)\" \/><\/span> <\/p>\n<p><span class=\"wpcf7-form-control-wrap your-phone\"><input type=\"tel\" name=\"your-phone\" value=\"\" size=\"40\" class=\"wpcf7-form-control wpcf7-text wpcf7-tel wpcf7-validates-as-tel\" aria-invalid=\"false\" placeholder=\"T\u00e9l\u00e9phone\" \/><\/span><\/p>\n<p><span class=\"wpcf7-form-control-wrap your-message\"><textarea name=\"your-message\" cols=\"40\" rows=\"10\" class=\"wpcf7-form-control wpcf7-textarea\" aria-invalid=\"false\" placeholder=\"Votre Message\"><\/textarea><\/span> <\/p>\n<p class=\"colored_theme_button\"><input type=\"submit\" value=\"ENVOYER LE MESSAGE\" class=\"wpcf7-form-control wpcf7-submit\" \/><\/p>\n<\/div>\n<br \/>\n<div class=\"wpcf7-response-output wpcf7-display-none\"><\/div><\/form><\/div>[\/vc_column_inner][vc_column_inner width=&#8221;1\/3&#8243;]<div class=\"pulse_vcard header_font prk_9_em prk_heavier_600 shortcoded\"><div class=\"adr small-12 zero_color\"><div class=\"pulse_company_name zero_color prk_heavier_700\">RACOSCH*<\/div><div class=\"wpb_text_column\">avenue des acacias 7<\/div><div class=\"wpb_text_column\">1006 Lausanne<\/div><div class=\"wpb_text_column\"><\/div><\/div><div class=\"clearfix bt_1x\"><\/div><div class=\"simple_line thick\"><\/div><div class=\"pulse_vcard_block small-12\"><div class=\"pulse_after_vcard_icon\"><div class=\"wpb_text_column\"><a class=\"not_zero_color\" href=\"mailto:in&#102;o&#64;r&#97;c&#111;s&#46;&#99;h\">i&#110;&#102;&#111;&#64;&#114;a&#99;&#111;&#115;.&#99;&#104;<\/a><\/div><\/div><\/div><div class=\"pulse_vcard_block small-12\"><div class=\"wpb_text_column zero_color\"> <\/div><\/div><div class=\"clearfix\"><\/div><\/div>[\/vc_column_inner][\/vc_row_inner]<div class=\"pulse_spacer clearfix\" style=\"height:30px;\"><\/div><div class=\"pulse_spacer clearfix\" style=\"height:72px;\"><\/div>[\/vc_column][\/vc_row]<\/p>\n","protected":false},"excerpt":{"rendered":"<p>[vc_row el_id=&#8221;my_services&#8221;][vc_column width=&#8221;1\/1&#8243;][vc_row_inner][vc_column_inner width=&#8221;1\/3&#8243;][\/vc_column_inner][vc_column_inner width=&#8221;1\/3&#8243;][\/vc_column_inner][vc_column_inner width=&#8221;1\/3&#8243;][\/vc_column_inner][\/vc_row_inner][vc_row_inner][vc_column_inner width=&#8221;1\/3&#8243;][\/vc_column_inner][vc_column_inner width=&#8221;1\/3&#8243;][\/vc_column_inner][vc_column_inner width=&#8221;1\/3&#8243;][\/vc_column_inner][\/vc_row_inner][vc_text_separator title=&#8221;Chaque histoire a besoin d\u2019un messager&#8221; color=&#8221;custom&#8221; font_type=&#8221;custom_font&#8221; css_animation=&#8221;pulse_fade_waypoint&#8221; accent_color=&#8221;#cecece&#8221;][\/vc_column][\/vc_row][vc_row][vc_column width=&#8221;1\/1&#8243;][vc_row_inner][vc_column_inner][\/vc_column_inner][\/vc_row_inner][vc_row_inner][vc_column_inner width=&#8221;1\/3&#8243;][vc_single_image image=&#8221;358&#8243; img_size=&#8221;200&#215;57&#8243; alignment=&#8221;center&#8221;][\/vc_column_inner][vc_column_inner width=&#8221;1\/3&#8243;][vc_single_image image=&#8221;76&#8243; img_size=&#8221;200&#215;57&#8243; alignment=&#8221;center&#8221;][\/vc_column_inner][vc_column_inner width=&#8221;1\/3&#8243;][vc_single_image image=&#8221;74&#8243; img_size=&#8221;200&#215;57&#8243; alignment=&#8221;center&#8221;][\/vc_column_inner][\/vc_row_inner][\/vc_column][\/vc_row][vc_row el_id=&#8221;my_projets&#8221;][vc_column width=&#8221;1\/1&#8243;][\/vc_column][\/vc_row][vc_row top_padding=&#8221;72px&#8221; bottom_padding=&#8221;52px&#8221; el_id=&#8221;contact&#8221;][vc_column width=&#8221;1\/1&#8243;][\/vc_column][\/vc_row][vc_row el_id=&#8221;form-row&#8221;][vc_column width=&#8221;1\/1&#8243;][vc_row_inner css_animation=&#8221;pulse_fade_waypoint&#8221;][vc_column_inner width=&#8221;2\/3&#8243;][\/vc_column_inner][vc_column_inner width=&#8221;1\/3&#8243;][\/vc_column_inner][\/vc_row_inner][\/vc_column][\/vc_row]<\/p>\n","protected":false},"author":2,"featured_media":0,"parent":0,"menu_order":0,"comment_status":"closed","ping_status":"closed","template":"","meta":{"footnotes":""},"_links":{"self":[{"href":"https:\/\/racosch.com\/fr\/wp-json\/wp\/v2\/pages\/28"}],"collection":[{"href":"https:\/\/racosch.com\/fr\/wp-json\/wp\/v2\/pages"}],"about":[{"href":"https:\/\/racosch.com\/fr\/wp-json\/wp\/v2\/types\/page"}],"author":[{"embeddable":true,"href":"https:\/\/racosch.com\/fr\/wp-json\/wp\/v2\/users\/2"}],"replies":[{"embeddable":true,"href":"https:\/\/racosch.com\/fr\/wp-json\/wp\/v2\/comments?post=28"}],"version-history":[{"count":102,"href":"https:\/\/racosch.com\/fr\/wp-json\/wp\/v2\/pages\/28\/revisions"}],"predecessor-version":[{"id":495,"href":"https:\/\/racosch.com\/fr\/wp-json\/wp\/v2\/pages\/28\/revisions\/495"}],"wp:attachment":[{"href":"https:\/\/racosch.com\/fr\/wp-json\/wp\/v2\/media?parent=28"}],"curies":[{"name":"wp","href":"https:\/\/api.w.org\/{rel}","templated":true}]}}