{"id":409,"date":"2016-11-03T11:25:32","date_gmt":"2016-11-03T10:25:32","guid":{"rendered":"http:\/\/www.racos.ch\/fr\/?page_id=409"},"modified":"2016-11-07T15:17:45","modified_gmt":"2016-11-07T14:17:45","slug":"editer","status":"publish","type":"page","link":"https:\/\/racosch.com\/fr\/editer\/","title":{"rendered":"Editer Wikipedia"},"content":{"rendered":"<p>[vc_row][vc_column width=&#8221;1\/1&#8243;][vc_column_text]<\/p>\n<div id=\"attachment_419\" style=\"width: 290px\" class=\"wp-caption alignright\"><a href=\"https:\/\/commons.wikimedia.org\/wiki\/File:Wikipedia-logo-v2.svg\"><img loading=\"lazy\" decoding=\"async\" aria-describedby=\"caption-attachment-419\" class=\"wp-image-419 size-medium\" src=\"http:\/\/www.racos.ch\/wp-content\/uploads\/2016\/11\/Capture-d\u2019e\u0301cran-2016-11-07-a\u0300-09.10.06-280x300.png\" alt=\"Logo Wikimedia\" width=\"280\" height=\"300\" srcset=\"https:\/\/racosch.com\/wp-content\/uploads\/2016\/11\/Capture-d\u2019e\u0301cran-2016-11-07-a\u0300-09.10.06-280x300.png 280w, https:\/\/racosch.com\/wp-content\/uploads\/2016\/11\/Capture-d\u2019e\u0301cran-2016-11-07-a\u0300-09.10.06.png 469w\" sizes=\"(max-width: 280px) 100vw, 280px\" \/><\/a><p id=\"caption-attachment-419\" class=\"wp-caption-text\">CC-by-SA Wikimedia Foundation<\/p><\/div>\n<p>Vous avez remarqu\u00e9 une erreur ou un biais dans un article sur Wikip\u00e9dia. Vous aimeriez cr\u00e9er ou am\u00e9liorer un article sur un sujet qui vous para\u00eet important. Mais vous savez que Wikip\u00e9dia n&#8217;est pas qu&#8217;un site: ce sont aussi des r\u00e8gles (notamment de neutralit\u00e9), des bonnes pratiques et une communaut\u00e9 que vous aimeriez pouvoir naviguer sans heurts.<\/p>\n<p>Les membres de Racosch sont tous des Wikip\u00e9diens confirm\u00e9s et\u00a0peuvent vous guider \u00e0 travers ce processus:<\/p>\n<ul>\n<li>en faisant une\u00a0<strong>\u00e9tude de faisabilit\u00e9<\/strong>, qui vous indiquera avant m\u00eame de commencer si le sujet que vous souhaitez aborder correspond aux r\u00e8gles de notori\u00e9t\u00e9 et \u00e0 la jurisprudence locale;<\/li>\n<li>en vous donnant la\u00a0<strong>formation<\/strong> appropri\u00e9e pour vous apprendre \u00e0 \u00e9diter par vous m\u00eame l&#8217;encyclop\u00e9die, de un \u00e0 six modules \u00e0 choix pour vous apprendre les bases de l&#8217;\u00e9dition comme les r\u00e8gles de programmation les plus complexes;<\/li>\n<li>en effectuant le travail\u00a0de\u00a0<strong>r\u00e9daction<\/strong> le cas \u00e9ch\u00e9ant, avec tout ce que cela implique au niveau de la pr\u00e9paration des infoboites, cat\u00e9gories, mod\u00e8les et insertion de sources appropri\u00e9es;<\/li>\n<li>enfin, pour vous assurer qu&#8217;aucun vandalisme ou modification malveillante ne passe inaper\u00e7u(e), un service de\u00a0<strong>veille<\/strong> automatis\u00e9e est disponible.<\/li>\n<\/ul>\n<p>&nbsp;<\/p>\n<p>Les \u00e9diteurs employ\u00e9s par Racosch sont actifs sur\u00a0la plupart des grands wikis (fran\u00e7ais, anglais, allemand, <em>etc.<\/em>) ainsi que sur Wikidata.<\/p>\n<p>[\/vc_column_text][\/vc_column][\/vc_row][vc_row][vc_column width=&#8221;1\/1&#8243;][vc_cta h2=&#8221;Contactez nous!&#8221; style=&#8221;custom&#8221; custom_background=&#8221;#ffe83e&#8221;]<strong>Vous voulez savoir si un article est admissible, comment l&#8217;am\u00e9liorer ou comment le r\u00e9diger? Contactez-nous via le formulaire ci-dessous ou en \u00e9crivant directement \u00e0 <span style=\"color: #3366ff;\"><a style=\"color: #3366ff;\" href=\"mailto:info@racosch.com\">info@racosch.com<\/a><\/span>\u00a0&#8211; nous pouvons vous aider.<\/strong>[\/vc_cta][\/vc_column][\/vc_row][vc_row][vc_column width=&#8221;1\/1&#8243;]<div role=\"form\" class=\"wpcf7\" id=\"wpcf7-f150-o1\" lang=\"fr-FR\" dir=\"ltr\">\n<div class=\"screen-reader-response\"><\/div>\n<form action=\"\/fr\/wp-json\/wp\/v2\/pages\/409#wpcf7-f150-o1\" method=\"post\" class=\"wpcf7-form\" novalidate=\"novalidate\">\n<div style=\"display: none;\">\n<input type=\"hidden\" name=\"_wpcf7\" value=\"150\" \/>\n<input type=\"hidden\" name=\"_wpcf7_version\" value=\"5.1.6\" \/>\n<input type=\"hidden\" name=\"_wpcf7_locale\" value=\"fr_FR\" \/>\n<input type=\"hidden\" name=\"_wpcf7_unit_tag\" value=\"wpcf7-f150-o1\" \/>\n<input type=\"hidden\" name=\"_wpcf7_container_post\" value=\"0\" \/>\n<input type=\"hidden\" name=\"g-recaptcha-response\" value=\"\" \/>\n<\/div>\n\n<div>\n<p><span class=\"wpcf7-form-control-wrap your-name\"><input type=\"text\" name=\"your-name\" value=\"\" size=\"40\" class=\"wpcf7-form-control wpcf7-text wpcf7-validates-as-required\" aria-required=\"true\" aria-invalid=\"false\" placeholder=\"Nom (obligatoire)\" \/><\/span><\/p>\n<p><span class=\"wpcf7-form-control-wrap your-email\"><input type=\"email\" name=\"your-email\" value=\"\" size=\"40\" class=\"wpcf7-form-control wpcf7-text wpcf7-email wpcf7-validates-as-required wpcf7-validates-as-email\" aria-required=\"true\" aria-invalid=\"false\" placeholder=\"Email (obligatoire)\" \/><\/span> <\/p>\n<p><span class=\"wpcf7-form-control-wrap your-phone\"><input type=\"tel\" name=\"your-phone\" value=\"\" size=\"40\" class=\"wpcf7-form-control wpcf7-text wpcf7-tel wpcf7-validates-as-tel\" aria-invalid=\"false\" placeholder=\"T\u00e9l\u00e9phone\" \/><\/span><\/p>\n<p><span class=\"wpcf7-form-control-wrap your-message\"><textarea name=\"your-message\" cols=\"40\" rows=\"10\" class=\"wpcf7-form-control wpcf7-textarea\" aria-invalid=\"false\" placeholder=\"Votre Message\"><\/textarea><\/span> <\/p>\n<p class=\"colored_theme_button\"><input type=\"submit\" value=\"ENVOYER LE MESSAGE\" class=\"wpcf7-form-control wpcf7-submit\" \/><\/p>\n<\/div>\n<br \/>\n<div class=\"wpcf7-response-output wpcf7-display-none\"><\/div><\/form><\/div>[\/vc_column][\/vc_row]<\/p>\n","protected":false},"excerpt":{"rendered":"<p>[vc_row][vc_column width=&#8221;1\/1&#8243;][vc_column_text] Vous avez remarqu\u00e9 une erreur ou un biais dans un article sur Wikip\u00e9dia. Vous aimeriez cr\u00e9er ou am\u00e9liorer un article sur un sujet qui vous para\u00eet important. Mais vous savez que Wikip\u00e9dia n&#8217;est pas qu&#8217;un site: ce sont aussi des r\u00e8gles (notamment de neutralit\u00e9), des bonnes pratiques et une communaut\u00e9 que vous aimeriez [&hellip;]<\/p>\n","protected":false},"author":2,"featured_media":410,"parent":0,"menu_order":0,"comment_status":"closed","ping_status":"closed","template":"","meta":{"footnotes":""},"_links":{"self":[{"href":"https:\/\/racosch.com\/fr\/wp-json\/wp\/v2\/pages\/409"}],"collection":[{"href":"https:\/\/racosch.com\/fr\/wp-json\/wp\/v2\/pages"}],"about":[{"href":"https:\/\/racosch.com\/fr\/wp-json\/wp\/v2\/types\/page"}],"author":[{"embeddable":true,"href":"https:\/\/racosch.com\/fr\/wp-json\/wp\/v2\/users\/2"}],"replies":[{"embeddable":true,"href":"https:\/\/racosch.com\/fr\/wp-json\/wp\/v2\/comments?post=409"}],"version-history":[{"count":17,"href":"https:\/\/racosch.com\/fr\/wp-json\/wp\/v2\/pages\/409\/revisions"}],"predecessor-version":[{"id":440,"href":"https:\/\/racosch.com\/fr\/wp-json\/wp\/v2\/pages\/409\/revisions\/440"}],"wp:featuredmedia":[{"embeddable":true,"href":"https:\/\/racosch.com\/fr\/wp-json\/wp\/v2\/media\/410"}],"wp:attachment":[{"href":"https:\/\/racosch.com\/fr\/wp-json\/wp\/v2\/media?parent=409"}],"curies":[{"name":"wp","href":"https:\/\/api.w.org\/{rel}","templated":true}]}}